{"id":37,"date":"2024-02-19T21:50:53","date_gmt":"2024-02-19T21:50:53","guid":{"rendered":"https:\/\/mostbetin.org\/ma\/?page_id=37"},"modified":"2025-06-25T21:30:19","modified_gmt":"2025-06-25T20:30:19","slug":"mostbet-support-client","status":"publish","type":"page","link":"https:\/\/mostbetin.org\/ma\/mostbet-support-client\/","title":{"rendered":"Support Client Mostbet Maroc"},"content":{"rendered":"\n<div class=\"wp-block-columns alignfull has-ast-global-color-5-color has-text-color has-background is-layout-flex wp-container-core-columns-is-layout-28f84493 wp-block-columns-is-layout-flex\" style=\"background-color:#003266\">\n<div class=\"wp-block-column is-layout-flow wp-block-column-is-layout-flow\">\n<h1 class=\"wp-block-heading has-text-align-center has-ast-global-color-5-color has-text-color\">Support Client Mostbet Maroc<\/h1>\n\n\n\n<p class=\"has-text-align-center has-ast-global-color-5-color has-text-color\">Chez Mostbet Maroc, nous sommes fiers d\u2019offrir un support client exceptionnel \u00e0 nos joueurs. Que vous ayez des questions, des pr\u00e9occupations ou que vous rencontriez des probl\u00e8mes, notre \u00e9quipe de support est l\u00e0 pour vous aider \u00e0 tout moment. Dans cet article, nous d\u00e9taillerons les diff\u00e9rentes fa\u00e7ons dont vous pouvez contacter le support client de Mostbet Maroc, ainsi que les types de support disponibles pour garantir une exp\u00e9rience de jeu fluide et agr\u00e9able.<\/p>\n\n\n\n<div class=\"wp-block-columns is-layout-flex wp-container-core-columns-is-layout-28f84493 wp-block-columns-is-layout-flex\">\n<div class=\"wp-block-column is-layout-flow wp-block-column-is-layout-flow\">\n<div class=\"wp-block-buttons is-content-justification-center is-layout-flex wp-container-core-buttons-is-layout-a89b3969 wp-block-buttons-is-layout-flex\">\n<div class=\"wp-block-button has-custom-width wp-block-button__width-25 x-button\"><a class=\"wp-block-button__link has-ast-global-color-5-color has-text-color has-background has-link-color has-medium-font-size has-custom-font-size wp-element-button\" href=\"https:\/\/mostbetin.org\/ma\/wp-content\/uploads\/sites\/3\/mostbet-app.apk\" style=\"border-radius:500px;background-color:#fa5a00;padding-top:var(--wp--preset--spacing--50);padding-bottom:var(--wp--preset--spacing--50)\">Download Mostbet App<\/a><\/div>\n\n\n\n<div class=\"wp-block-button has-custom-width wp-block-button__width-25 x-button\"><a class=\"wp-block-button__link has-ast-global-color-5-color has-text-color has-background has-link-color has-medium-font-size has-custom-font-size wp-element-button\" href=\"https:\/\/mostbetnow.com\/H6NF\" style=\"border-radius:50px;background-color:#428fdf;padding-top:var(--wp--preset--spacing--50);padding-bottom:var(--wp--preset--spacing--50)\">Register<\/a><\/div>\n<\/div>\n<\/div>\n<\/div>\n<\/div>\n<\/div>\n\n\n\n<p><\/p>\n\n\n\n<h2 class=\"wp-block-heading\">Disponibilit\u00e9 du Support Client<\/h2>\n\n\n\n<p>L\u2019\u00e9quipe de support client de Mostbet Maroc est disponible 24 heures sur 24, 7 jours sur 7. Peu importe l\u2019heure \u00e0 laquelle vous avez besoin d\u2019aide, vous pouvez toujours compter sur une assistance rapide et efficace. Nous comprenons l\u2019importance d\u2019un support fiable et r\u00e9actif, c\u2019est pourquoi nous avons mis en place plusieurs canaux de communication pour r\u00e9pondre \u00e0 tous vos besoins.<\/p>\n\n\n\n<h2 class=\"wp-block-heading\">M\u00e9thodes de Contact<\/h2>\n\n\n\n<ul class=\"wp-block-list\">\n<li><strong>Email G\u00e9n\u00e9ral<\/strong>: Pour des questions ou des pr\u00e9occupations plus sp\u00e9cifiques, vous pouvez envoyer un email \u00e0 notre \u00e9quipe de support \u00e0 l\u2019adresse suivante :\u00a0morocco@mostbet.com. Que ce soit pour des probl\u00e8mes techniques, des questions sur votre compte, ou toute autre demande, notre \u00e9quipe se fera un plaisir de vous assister.<\/li>\n\n\n\n<li><strong>Support d\u2019Identification<\/strong>: Si vous avez besoin d\u2019aide concernant la v\u00e9rification de votre identit\u00e9 ou des documents, vous pouvez contacter notre support d\u2019identification \u00e0\u00a0id@mostbet.com. Notre \u00e9quipe vous guidera \u00e0 travers le processus de v\u00e9rification pour s\u2019assurer que votre compte est s\u00e9curis\u00e9 et conforme aux exigences de s\u00e9curit\u00e9.<\/li>\n\n\n\n<li><strong>Changement de D\u00e9tails<\/strong>: Pour toute demande de changement de d\u00e9tails personnels sur votre compte, comme la mise \u00e0 jour de vos informations de contact ou d\u2019autres modifications, envoyez un email \u00e0\u00a0datachange@mostbet.com. Notre \u00e9quipe traitera votre demande rapidement et efficacement pour garantir que vos informations sont \u00e0 jour.<\/li>\n\n\n\n<li><strong>Syst\u00e8mes de Paiement des Partenaires<\/strong>: Pour les questions relatives aux syst\u00e8mes de paiement des partenaires, vous pouvez contacter notre \u00e9quipe sp\u00e9cialis\u00e9e \u00e0\u00a0offerpayments@mostbet.com. Que vous ayez des questions sur les transactions, les commissions, ou d\u2019autres aspects des paiements, notre \u00e9quipe de support est l\u00e0 pour vous aider.<\/li>\n\n\n\n<li><strong>Support via Telegram<\/strong>: Pour une assistance encore plus rapide, vous pouvez \u00e9galement utiliser notre service de soutien via Telegram en contactant @mbmorocco_bot. Ce canal de communication vous permet d\u2019obtenir une r\u00e9ponse instantan\u00e9e de notre \u00e9quipe de support et de r\u00e9soudre vos probl\u00e8mes en temps r\u00e9el.<\/li>\n<\/ul>\n\n\n\n<h3 class=\"wp-block-heading\">Importance du Support Client<\/h3>\n\n\n\n<p>Le support client est un \u00e9l\u00e9ment crucial pour garantir une exp\u00e9rience de jeu agr\u00e9able et sans tracas. Chez Mostbet Maroc, nous savons que des r\u00e9ponses rapides et pr\u00e9cises \u00e0 vos questions sont essentielles pour une exp\u00e9rience de jeu positive. C\u2019est pourquoi nous nous engageons \u00e0 fournir un support de qualit\u00e9 sup\u00e9rieure.<\/p>\n\n\n\n<h3 class=\"wp-block-heading\">Assistance Personnalis\u00e9e<\/h3>\n\n\n\n<p>Notre \u00e9quipe de support client est compos\u00e9e de professionnels bien form\u00e9s qui comprennent les besoins sp\u00e9cifiques des joueurs marocains. Ils sont pr\u00eats \u00e0 offrir une assistance personnalis\u00e9e pour r\u00e9soudre vos probl\u00e8mes rapidement et efficacement.<\/p>\n\n\n\n<h3 class=\"wp-block-heading\">R\u00e9solution Rapide des Probl\u00e8mes<\/h3>\n\n\n\n<p>Nous mettons tout en \u0153uvre pour r\u00e9soudre les probl\u00e8mes le plus rapidement possible. Que vous ayez des questions sur vos transactions, des pr\u00e9occupations concernant la s\u00e9curit\u00e9 de votre compte, ou des probl\u00e8mes techniques, notre \u00e9quipe est l\u00e0 pour vous aider \u00e0 chaque \u00e9tape.<\/p>\n\n\n\n<p><\/p>\n","protected":false},"excerpt":{"rendered":"<p>Support Client Mostbet Maroc Chez Mostbet Maroc, nous sommes fiers d\u2019offrir un support client exceptionnel \u00e0 nos joueurs. Que vous [&hellip;]<\/p>\n","protected":false},"author":1,"featured_media":0,"parent":0,"menu_order":0,"comment_status":"closed","ping_status":"closed","template":"","meta":{"site-sidebar-layout":"default","site-content-layout":"","ast-site-content-layout":"default","site-content-style":"default","site-sidebar-style":"default","ast-global-header-display":"","ast-banner-title-visibility":"","ast-main-header-display":"","ast-hfb-above-header-display":"","ast-hfb-below-header-display":"","ast-hfb-mobile-header-display":"","site-post-title":"disabled","ast-breadcrumbs-content":"","ast-featured-img":"","footer-sml-layout":"","theme-transparent-header-meta":"","adv-header-id-meta":"","stick-header-meta":"","header-above-stick-meta":"","header-main-stick-meta":"","header-below-stick-meta":"","astra-migrate-meta-layouts":"default","ast-page-background-enabled":"default","ast-page-background-meta":{"desktop":{"background-color":"var(--ast-global-color-5)","background-image":"","background-repeat":"repeat","background-position":"center center","background-size":"auto","background-attachment":"scroll","background-type":"","background-media":"","overlay-type":"","overlay-color":"","overlay-opacity":"","overlay-gradient":""},"tablet":{"background-color":"","background-image":"","background-repeat":"repeat","background-position":"center center","background-size":"auto","background-attachment":"scroll","background-type":"","background-media":"","overlay-type":"","overlay-color":"","overlay-opacity":"","overlay-gradient":""},"mobile":{"background-color":"","background-image":"","background-repeat":"repeat","background-position":"center center","background-size":"auto","background-attachment":"scroll","background-type":"","background-media":"","overlay-type":"","overlay-color":"","overlay-opacity":"","overlay-gradient":""}},"ast-content-background-meta":{"desktop":{"background-color":"var(--ast-global-color-4)","background-image":"","background-repeat":"repeat","background-position":"center center","background-size":"auto","background-attachment":"scroll","background-type":"","background-media":"","overlay-type":"","overlay-color":"","overlay-opacity":"","overlay-gradient":""},"tablet":{"background-color":"var(--ast-global-color-4)","background-image":"","background-repeat":"repeat","background-position":"center center","background-size":"auto","background-attachment":"scroll","background-type":"","background-media":"","overlay-type":"","overlay-color":"","overlay-opacity":"","overlay-gradient":""},"mobile":{"background-color":"var(--ast-global-color-4)","background-image":"","background-repeat":"repeat","background-position":"center center","background-size":"auto","background-attachment":"scroll","background-type":"","background-media":"","overlay-type":"","overlay-color":"","overlay-opacity":"","overlay-gradient":""}},"footnotes":""},"class_list":["post-37","page","type-page","status-publish","hentry"],"yoast_head":"<!-- This site is optimized with the Yoast SEO plugin v25.3.1 - https:\/\/yoast.com\/wordpress\/plugins\/seo\/ -->\n<title>Mostbet Service client\u00e8le au Maroc<\/title>\n<meta name=\"robots\" content=\"index, follow, max-snippet:-1, max-image-preview:large, max-video-preview:-1\" \/>\n<link rel=\"canonical\" href=\"https:\/\/mostbetin.org\/ma\/mostbet-support-client\/\" \/>\n<meta property=\"og:locale\" content=\"fr_FR\" \/>\n<meta property=\"og:type\" content=\"article\" \/>\n<meta property=\"og:title\" content=\"Mostbet Service client\u00e8le au Maroc\" \/>\n<meta property=\"og:description\" content=\"Support Client Mostbet Maroc Chez Mostbet Maroc, nous sommes fiers d\u2019offrir un support client exceptionnel \u00e0 nos joueurs. Que vous [&hellip;]\" \/>\n<meta property=\"og:url\" content=\"https:\/\/mostbetin.org\/ma\/mostbet-support-client\/\" \/>\n<meta property=\"og:site_name\" content=\"MA\" \/>\n<meta property=\"article:modified_time\" content=\"2025-06-25T20:30:19+00:00\" \/>\n<meta name=\"twitter:card\" content=\"summary_large_image\" \/>\n<meta name=\"twitter:label1\" content=\"Dur\u00e9e de lecture estim\u00e9e\" \/>\n\t<meta name=\"twitter:data1\" content=\"3 minutes\" \/>\n<script type=\"application\/ld+json\" class=\"yoast-schema-graph\">{\"@context\":\"https:\/\/schema.org\",\"@graph\":[{\"@type\":\"WebPage\",\"@id\":\"https:\/\/mostbetin.org\/ma\/mostbet-support-client\/\",\"url\":\"https:\/\/mostbetin.org\/ma\/mostbet-support-client\/\",\"name\":\"Mostbet Service client\u00e8le au Maroc\",\"isPartOf\":{\"@id\":\"https:\/\/mostbetin.org\/ma\/#website\"},\"datePublished\":\"2024-02-19T21:50:53+00:00\",\"dateModified\":\"2025-06-25T20:30:19+00:00\",\"breadcrumb\":{\"@id\":\"https:\/\/mostbetin.org\/ma\/mostbet-support-client\/#breadcrumb\"},\"inLanguage\":\"fr-FR\",\"potentialAction\":[{\"@type\":\"ReadAction\",\"target\":[\"https:\/\/mostbetin.org\/ma\/mostbet-support-client\/\"]}]},{\"@type\":\"BreadcrumbList\",\"@id\":\"https:\/\/mostbetin.org\/ma\/mostbet-support-client\/#breadcrumb\",\"itemListElement\":[{\"@type\":\"ListItem\",\"position\":1,\"name\":\"Home\",\"item\":\"https:\/\/mostbetin.org\/ma\/\"},{\"@type\":\"ListItem\",\"position\":2,\"name\":\"Support Client Mostbet Maroc\"}]},{\"@type\":\"WebSite\",\"@id\":\"https:\/\/mostbetin.org\/ma\/#website\",\"url\":\"https:\/\/mostbetin.org\/ma\/\",\"name\":\"MA\",\"description\":\"\",\"publisher\":{\"@id\":\"https:\/\/mostbetin.org\/ma\/#organization\"},\"potentialAction\":[{\"@type\":\"SearchAction\",\"target\":{\"@type\":\"EntryPoint\",\"urlTemplate\":\"https:\/\/mostbetin.org\/ma\/?s={search_term_string}\"},\"query-input\":{\"@type\":\"PropertyValueSpecification\",\"valueRequired\":true,\"valueName\":\"search_term_string\"}}],\"inLanguage\":\"fr-FR\"},{\"@type\":\"Organization\",\"@id\":\"https:\/\/mostbetin.org\/ma\/#organization\",\"name\":\"MA\",\"url\":\"https:\/\/mostbetin.org\/ma\/\",\"logo\":{\"@type\":\"ImageObject\",\"inLanguage\":\"fr-FR\",\"@id\":\"https:\/\/mostbetin.org\/ma\/#\/schema\/logo\/image\/\",\"url\":\"https:\/\/mostbetin.org\/ma\/wp-content\/uploads\/sites\/3\/2024\/02\/mostbet.png\",\"contentUrl\":\"https:\/\/mostbetin.org\/ma\/wp-content\/uploads\/sites\/3\/2024\/02\/mostbet.png\",\"width\":270,\"height\":140,\"caption\":\"MA\"},\"image\":{\"@id\":\"https:\/\/mostbetin.org\/ma\/#\/schema\/logo\/image\/\"}}]}<\/script>\n<!-- \/ Yoast SEO plugin. -->","yoast_head_json":{"title":"Mostbet Service client\u00e8le au Maroc","robots":{"index":"index","follow":"follow","max-snippet":"max-snippet:-1","max-image-preview":"max-image-preview:large","max-video-preview":"max-video-preview:-1"},"canonical":"https:\/\/mostbetin.org\/ma\/mostbet-support-client\/","og_locale":"fr_FR","og_type":"article","og_title":"Mostbet Service client\u00e8le au Maroc","og_description":"Support Client Mostbet Maroc Chez Mostbet Maroc, nous sommes fiers d\u2019offrir un support client exceptionnel \u00e0 nos joueurs. Que vous [&hellip;]","og_url":"https:\/\/mostbetin.org\/ma\/mostbet-support-client\/","og_site_name":"MA","article_modified_time":"2025-06-25T20:30:19+00:00","twitter_card":"summary_large_image","twitter_misc":{"Dur\u00e9e de lecture estim\u00e9e":"3 minutes"},"schema":{"@context":"https:\/\/schema.org","@graph":[{"@type":"WebPage","@id":"https:\/\/mostbetin.org\/ma\/mostbet-support-client\/","url":"https:\/\/mostbetin.org\/ma\/mostbet-support-client\/","name":"Mostbet Service client\u00e8le au Maroc","isPartOf":{"@id":"https:\/\/mostbetin.org\/ma\/#website"},"datePublished":"2024-02-19T21:50:53+00:00","dateModified":"2025-06-25T20:30:19+00:00","breadcrumb":{"@id":"https:\/\/mostbetin.org\/ma\/mostbet-support-client\/#breadcrumb"},"inLanguage":"fr-FR","potentialAction":[{"@type":"ReadAction","target":["https:\/\/mostbetin.org\/ma\/mostbet-support-client\/"]}]},{"@type":"BreadcrumbList","@id":"https:\/\/mostbetin.org\/ma\/mostbet-support-client\/#breadcrumb","itemListElement":[{"@type":"ListItem","position":1,"name":"Home","item":"https:\/\/mostbetin.org\/ma\/"},{"@type":"ListItem","position":2,"name":"Support Client Mostbet Maroc"}]},{"@type":"WebSite","@id":"https:\/\/mostbetin.org\/ma\/#website","url":"https:\/\/mostbetin.org\/ma\/","name":"MA","description":"","publisher":{"@id":"https:\/\/mostbetin.org\/ma\/#organization"},"potentialAction":[{"@type":"SearchAction","target":{"@type":"EntryPoint","urlTemplate":"https:\/\/mostbetin.org\/ma\/?s={search_term_string}"},"query-input":{"@type":"PropertyValueSpecification","valueRequired":true,"valueName":"search_term_string"}}],"inLanguage":"fr-FR"},{"@type":"Organization","@id":"https:\/\/mostbetin.org\/ma\/#organization","name":"MA","url":"https:\/\/mostbetin.org\/ma\/","logo":{"@type":"ImageObject","inLanguage":"fr-FR","@id":"https:\/\/mostbetin.org\/ma\/#\/schema\/logo\/image\/","url":"https:\/\/mostbetin.org\/ma\/wp-content\/uploads\/sites\/3\/2024\/02\/mostbet.png","contentUrl":"https:\/\/mostbetin.org\/ma\/wp-content\/uploads\/sites\/3\/2024\/02\/mostbet.png","width":270,"height":140,"caption":"MA"},"image":{"@id":"https:\/\/mostbetin.org\/ma\/#\/schema\/logo\/image\/"}}]}},"amp_enabled":true,"_links":{"self":[{"href":"https:\/\/mostbetin.org\/ma\/wp-json\/wp\/v2\/pages\/37","targetHints":{"allow":["GET"]}}],"collection":[{"href":"https:\/\/mostbetin.org\/ma\/wp-json\/wp\/v2\/pages"}],"about":[{"href":"https:\/\/mostbetin.org\/ma\/wp-json\/wp\/v2\/types\/page"}],"author":[{"embeddable":true,"href":"https:\/\/mostbetin.org\/ma\/wp-json\/wp\/v2\/users\/1"}],"replies":[{"embeddable":true,"href":"https:\/\/mostbetin.org\/ma\/wp-json\/wp\/v2\/comments?post=37"}],"version-history":[{"count":10,"href":"https:\/\/mostbetin.org\/ma\/wp-json\/wp\/v2\/pages\/37\/revisions"}],"predecessor-version":[{"id":214,"href":"https:\/\/mostbetin.org\/ma\/wp-json\/wp\/v2\/pages\/37\/revisions\/214"}],"wp:attachment":[{"href":"https:\/\/mostbetin.org\/ma\/wp-json\/wp\/v2\/media?parent=37"}],"curies":[{"name":"wp","href":"https:\/\/api.w.org\/{rel}","templated":true}]}}